{"id":256,"date":"2025-08-19T21:36:33","date_gmt":"2025-08-19T19:36:33","guid":{"rendered":"https:\/\/nabrzeguciszy.pl\/?page_id=256"},"modified":"2025-08-20T15:56:16","modified_gmt":"2025-08-20T13:56:16","slug":"cart","status":"publish","type":"page","link":"https:\/\/nabrzeguciszy.pl\/?page_id=256","title":{"rendered":"Cart"},"content":{"rendered":"\t\t<div data-elementor-type=\"wp-page\" data-elementor-id=\"256\" class=\"elementor elementor-256\" data-elementor-post-type=\"page\">\n\t\t\t\t<div class=\"elementor-element elementor-element-257e5ac7 e-flex e-con-boxed e-con e-parent\" data-id=\"257e5ac7\" data-element_type=\"container\" data-settings=\"{&quot;background_background&quot;:&quot;classic&quot;}\">\n\t\t\t\t\t<div class=\"e-con-inner\">\n\t\t\t\t<div class=\"elementor-element elementor-element-5ec93cf1 elementor-widget elementor-widget-woocommerce-breadcrumb\" data-id=\"5ec93cf1\" data-element_type=\"widget\" data-widget_type=\"woocommerce-breadcrumb.default\">\n\t\t\t\t<div class=\"elementor-widget-container\">\n\t\t\t\t\t<nav class=\"woocommerce-breadcrumb\" aria-label=\"Breadcrumb\">Home<\/nav>\t\t\t\t<\/div>\n\t\t\t\t<\/div>\n\t\t\t\t\t<\/div>\n\t\t\t\t<\/div>\n\t\t<div class=\"elementor-element elementor-element-78dd2e41 e-flex e-con-boxed elementor-invisible e-con e-parent\" data-id=\"78dd2e41\" data-element_type=\"container\" data-settings=\"{&quot;animation&quot;:&quot;fadeIn&quot;,&quot;animation_delay&quot;:500}\">\n\t\t\t\t\t<div class=\"e-con-inner\">\n\t\t<div class=\"elementor-element elementor-element-52cd0694 e-flex e-con-boxed e-con e-child\" data-id=\"52cd0694\" data-element_type=\"container\">\n\t\t\t\t\t<div class=\"e-con-inner\">\n\t\t\t\t<div class=\"elementor-element elementor-element-3d8a1352 e-cart-layout-two-column elementor-widget elementor-widget-woocommerce-cart\" data-id=\"3d8a1352\" data-element_type=\"widget\" data-widget_type=\"woocommerce-cart.default\">\n\t\t\t\t<div class=\"elementor-widget-container\">\n\t\t\t\t\t<div class=\"woocommerce\"><div class=\"woocommerce-notices-wrapper\"><\/div><div class=\"wc-empty-cart-message\">\n\t<div class=\"cart-empty woocommerce-info\">\n\t\tYour cart is currently empty.\t<\/div>\n<\/div>\t<p class=\"return-to-shop\">\n\t\t<a class=\"button wc-backward\" href=\"https:\/\/nabrzeguciszy.pl\/?page_id=281\">\n\t\t\tReturn to shop\t\t<\/a>\n\t<\/p>\n<\/div>\t\t\t\t<\/div>\n\t\t\t\t<\/div>\n\t\t\t\t\t<\/div>\n\t\t\t\t<\/div>\n\t\t\t\t\t<\/div>\n\t\t\t\t<\/div>\n\t\t<div class=\"elementor-element elementor-element-799fbb30 e-flex e-con-boxed e-con e-parent\" data-id=\"799fbb30\" data-element_type=\"container\">\n\t\t\t\t\t<div class=\"e-con-inner\">\n\t\t\t\t<div class=\"elementor-element elementor-element-fb6bae8 elementor-widget elementor-widget-html\" data-id=\"fb6bae8\" data-element_type=\"widget\" data-widget_type=\"html.default\">\n\t\t\t\t\t<style>\n.woocommerce-info .button, .return-to-shop .button{\n    background-color: var(--e-global-color-accent)!important;\n    color: white;\n    font-weight: 500;\n    border: 1px solid var(--e-global-color-accent)!important;\n    border-radius: 100px!important;\n    padding: 15px 20px!important;\n    transition: 0.3s;\n}\n.woocommerce-info .button:hover, .return-to-shop .button:hover{\n    background-color:transparent!important;\n    color: var(--e-global-color-primary)!important;;\n}\n\n.woocommerce-info, .woocommerce-message{\n    border-color: var(--e-global-color-accent)!important;\n    border-radius: 4px!important;\n}\n\n.woocommerce-info:before, .woocommerce-message:before{\n    color: var(--e-global-color-accent)!important;\n}    \n    \n<\/style>\t\t\t\t<\/div>\n\t\t\t\t\t<\/div>\n\t\t\t\t<\/div>\n\t\t\t\t<\/div>\n\t\t","protected":false},"excerpt":{"rendered":"<p>Tw\u00f3j koszyk aktualnie jest pusty. Wr\u00f3\u0107 do sklepu<\/p>\n","protected":false},"author":1,"featured_media":0,"parent":0,"menu_order":0,"comment_status":"closed","ping_status":"closed","template":"","meta":{"footnotes":""},"class_list":["post-256","page","type-page","status-publish","hentry"],"jetpack_sharing_enabled":true,"_links":{"self":[{"href":"https:\/\/nabrzeguciszy.pl\/index.php?rest_route=\/wp\/v2\/pages\/256","targetHints":{"allow":["GET"]}}],"collection":[{"href":"https:\/\/nabrzeguciszy.pl\/index.php?rest_route=\/wp\/v2\/pages"}],"about":[{"href":"https:\/\/nabrzeguciszy.pl\/index.php?rest_route=\/wp\/v2\/types\/page"}],"author":[{"embeddable":true,"href":"https:\/\/nabrzeguciszy.pl\/index.php?rest_route=\/wp\/v2\/users\/1"}],"replies":[{"embeddable":true,"href":"https:\/\/nabrzeguciszy.pl\/index.php?rest_route=%2Fwp%2Fv2%2Fcomments&post=256"}],"version-history":[{"count":4,"href":"https:\/\/nabrzeguciszy.pl\/index.php?rest_route=\/wp\/v2\/pages\/256\/revisions"}],"predecessor-version":[{"id":346,"href":"https:\/\/nabrzeguciszy.pl\/index.php?rest_route=\/wp\/v2\/pages\/256\/revisions\/346"}],"wp:attachment":[{"href":"https:\/\/nabrzeguciszy.pl\/index.php?rest_route=%2Fwp%2Fv2%2Fmedia&parent=256"}],"curies":[{"name":"wp","href":"https:\/\/api.w.org\/{rel}","templated":true}]}}