{"id":262,"date":"2025-08-19T21:36:33","date_gmt":"2025-08-19T19:36:33","guid":{"rendered":"https:\/\/nabrzeguciszy.pl\/?page_id=262"},"modified":"2025-08-21T09:16:12","modified_gmt":"2025-08-21T07:16:12","slug":"my-account","status":"publish","type":"page","link":"https:\/\/nabrzeguciszy.pl\/?page_id=262","title":{"rendered":"Moje konto"},"content":{"rendered":"\t\t<div data-elementor-type=\"wp-page\" data-elementor-id=\"262\" class=\"elementor elementor-262\" data-elementor-post-type=\"page\">\n\t\t\t\t<div class=\"elementor-element elementor-element-5e4fe619 e-flex e-con-boxed e-con e-parent\" data-id=\"5e4fe619\" data-element_type=\"container\" data-settings=\"{&quot;background_background&quot;:&quot;classic&quot;}\">\n\t\t\t\t\t<div class=\"e-con-inner\">\n\t\t\t\t<div class=\"elementor-element elementor-element-7c95c531 elementor-widget elementor-widget-woocommerce-breadcrumb\" data-id=\"7c95c531\" data-element_type=\"widget\" data-widget_type=\"woocommerce-breadcrumb.default\">\n\t\t\t\t<div class=\"elementor-widget-container\">\n\t\t\t\t\t<nav class=\"woocommerce-breadcrumb\" aria-label=\"Breadcrumb\">Home<\/nav>\t\t\t\t<\/div>\n\t\t\t\t<\/div>\n\t\t\t\t\t<\/div>\n\t\t\t\t<\/div>\n\t\t<div class=\"elementor-element elementor-element-792d6286 e-flex e-con-boxed elementor-invisible e-con e-parent\" data-id=\"792d6286\" data-element_type=\"container\" data-settings=\"{&quot;animation&quot;:&quot;fadeIn&quot;,&quot;animation_delay&quot;:500}\">\n\t\t\t\t\t<div class=\"e-con-inner\">\n\t\t<div class=\"elementor-element elementor-element-74615e61 e-flex e-con-boxed e-con e-child\" data-id=\"74615e61\" data-element_type=\"container\">\n\t\t\t\t\t<div class=\"e-con-inner\">\n\t\t\t\t<div class=\"elementor-element elementor-element-4dd8767f deshboard e-my-account-tabs-vertical elementor-widget elementor-widget-woocommerce-my-account\" data-id=\"4dd8767f\" data-element_type=\"widget\" data-settings=\"{&quot;customize_dashboard_check&quot;:&quot;yes&quot;}\" data-widget_type=\"woocommerce-my-account.default\">\n\t\t\t\t<div class=\"elementor-widget-container\">\n\t\t\t\t\t<div class=\"e-my-account-tab e-my-account-tab__ \">\t\t\t<div class=\"woocommerce\"><div class=\"woocommerce-notices-wrapper\"><\/div>\n\n\t\t<h2>Login<\/h2>\n\n\t\t<form class=\"woocommerce-form woocommerce-form-login login\" method=\"post\" novalidate>\n\n\t\t\t\n\t\t\t<p class=\"woocommerce-form-row woocommerce-form-row--wide form-row form-row-wide\">\n\t\t\t\t<label for=\"username\">Username or email address&nbsp;<span class=\"required\" aria-hidden=\"true\">*<\/span><span class=\"screen-reader-text\">Required<\/span><\/label>\n\t\t\t\t<input type=\"text\" class=\"woocommerce-Input woocommerce-Input--text input-text\" name=\"username\" id=\"username\" autocomplete=\"username\" value=\"\" required aria-required=\"true\" \/>\t\t\t<\/p>\n\t\t\t<p class=\"woocommerce-form-row woocommerce-form-row--wide form-row form-row-wide\">\n\t\t\t\t<label for=\"password\">Password&nbsp;<span class=\"required\" aria-hidden=\"true\">*<\/span><span class=\"screen-reader-text\">Required<\/span><\/label>\n\t\t\t\t<input class=\"woocommerce-Input woocommerce-Input--text input-text\" type=\"password\" name=\"password\" id=\"password\" autocomplete=\"current-password\" required aria-required=\"true\" \/>\n\t\t\t<\/p>\n\n\t\t\t\n\t\t\t<p class=\"form-row\">\n\t\t\t\t<label class=\"woocommerce-form__label woocommerce-form__label-for-checkbox woocommerce-form-login__rememberme\">\n\t\t\t\t\t<input class=\"woocommerce-form__input woocommerce-form__input-checkbox\" name=\"rememberme\" type=\"checkbox\" id=\"rememberme\" value=\"forever\" \/> <span>Remember me<\/span>\n\t\t\t\t<\/label>\n\t\t\t\t<input type=\"hidden\" id=\"woocommerce-login-nonce\" name=\"woocommerce-login-nonce\" value=\"65b7e4158c\" \/><input type=\"hidden\" name=\"_wp_http_referer\" value=\"\/index.php?rest_route=%2Fwp%2Fv2%2Fpages%2F262\" \/>\t\t\t\t<button type=\"submit\" class=\"woocommerce-button button woocommerce-form-login__submit\" name=\"login\" value=\"Log in\">Log in<\/button>\n\t\t\t<\/p>\n\t\t\t<p class=\"woocommerce-LostPassword lost_password\">\n\t\t\t\t<a href=\"https:\/\/nabrzeguciszy.pl\/?page_id=262&#038;lost-password\">Lost your password?<\/a>\n\t\t\t<\/p>\n\n\t\t\t\n\t\t<\/form>\n\n\n<\/div>\t\t<\/div>\n\t\t\t\t\t\t<\/div>\n\t\t\t\t<\/div>\n\t\t\t\t\t<\/div>\n\t\t\t\t<\/div>\n\t\t\t\t\t<\/div>\n\t\t\t\t<\/div>\n\t\t<div class=\"elementor-element elementor-element-104a2586 e-flex e-con-boxed e-con e-parent\" data-id=\"104a2586\" data-element_type=\"container\">\n\t\t\t\t\t<div class=\"e-con-inner\">\n\t\t\t\t<div class=\"elementor-element elementor-element-4bd299e6 elementor-widget elementor-widget-html\" data-id=\"4bd299e6\" data-element_type=\"widget\" data-widget_type=\"html.default\">\n\t\t\t\t\t<style>\n.breadcrubs a .elementor-icon-list-text{\n        color: var(--e-global-color-e1c0f8c)!important;\n    }\n    \n.taxt-black{\n    color: var(--e-global-color-2e716e8);\n}\n\n.wlfmc-default-table:not(.is-elementor) .wishlist-items-wrapper:not(.wishlist-empty) tr {\n    background-color: #fff!important;\n}\n\n\n.wlfmc-default-table:not(.is-elementor) .wishlist-items-wrapper:not(.wishlist-empty) tr:hover {\n    background-color: #0000001a !important;\n}\n\n.wlfmc-default-table:not(.is-elementor).add-to-card-same-button tr td.last-column .button:not(.minus):not(.plus), .wlfmc-default-table:not(.is-elementor) .wlfmc-wishlist-footer .button, .wlfmc-default-table:not(.is-elementor) .wlfmc-wishlist-footer button[type=\"submit\"]{\n    background-color:transparent!important;\n    border-color: var(--e-global-color-accent)!important;\n    color: var(--e-global-color-accent)!important;\n    border-radius: 100px!important;\n}\n\n.wlfmc-default-table:not(.is-elementor).add-to-card-same-button tr td.last-column .button:not(.minus):not(.plus):hover, .wlfmc-default-table:not(.is-elementor) .wlfmc-wishlist-footer .button:hover, .wlfmc-default-table:not(.is-elementor) .wlfmc-wishlist-footer button[type=\"submit\"]:hover{\n    background-color: var(--e-global-color-accent)!important;\n    border-color: var(--e-global-color-accent)!important;\n    color: white!important;\n}\n\n.woocommerce-info .button, .woocommerce-Button{\n    background-color: var(--e-global-color-accent)!important;!important;\n    color: white!important;\n    font-weight: 500;\n    border-radius: 100px!important;\n    padding: 18px 25px!important;\n    transition: 0.3s;\n}\n.deshboard .woocommerce-info .button:hover{\n    background-color:var(--e-global-color-primary) !important;\n    color: white!important;\n}\n\n.woocommerce-info, .woocommerce-message{\n    border-color: var(--e-global-color-accent)!important;\n    background-color: #fff;\n}\n\n.woocommerce-info:before, .woocommerce-message:before{\n    color: var(--e-global-color-accent)!important;\n}\n\n.\n    \n<\/style>\t\t\t\t<\/div>\n\t\t\t\t\t<\/div>\n\t\t\t\t<\/div>\n\t\t\t\t<\/div>\n\t\t","protected":false},"excerpt":{"rendered":"<p>Twoja przestrze\u0144 Twoje zam\u00f3wnienia Twoje pliki Dane kontaktowe Twoje ustawienia Zamknij drzwi Witaj wp-admin (nie jeste\u015b wp-admin? Wyloguj si\u0119) W ustawieniach swojego konta mo\u017cesz przejrze\u0107 swoje ostatnie zam\u00f3wienia, zarz\u0105dza\u0107 adresami p\u0142atno\u015bci i dostawy oraz zmienia\u0107 has\u0142o i szczeg\u00f3\u0142y konta.<\/p>\n","protected":false},"author":1,"featured_media":0,"parent":0,"menu_order":0,"comment_status":"closed","ping_status":"closed","template":"","meta":{"footnotes":""},"class_list":["post-262","page","type-page","status-publish","hentry"],"jetpack_sharing_enabled":true,"_links":{"self":[{"href":"https:\/\/nabrzeguciszy.pl\/index.php?rest_route=\/wp\/v2\/pages\/262","targetHints":{"allow":["GET"]}}],"collection":[{"href":"https:\/\/nabrzeguciszy.pl\/index.php?rest_route=\/wp\/v2\/pages"}],"about":[{"href":"https:\/\/nabrzeguciszy.pl\/index.php?rest_route=\/wp\/v2\/types\/page"}],"author":[{"embeddable":true,"href":"https:\/\/nabrzeguciszy.pl\/index.php?rest_route=\/wp\/v2\/users\/1"}],"replies":[{"embeddable":true,"href":"https:\/\/nabrzeguciszy.pl\/index.php?rest_route=%2Fwp%2Fv2%2Fcomments&post=262"}],"version-history":[{"count":8,"href":"https:\/\/nabrzeguciszy.pl\/index.php?rest_route=\/wp\/v2\/pages\/262\/revisions"}],"predecessor-version":[{"id":410,"href":"https:\/\/nabrzeguciszy.pl\/index.php?rest_route=\/wp\/v2\/pages\/262\/revisions\/410"}],"wp:attachment":[{"href":"https:\/\/nabrzeguciszy.pl\/index.php?rest_route=%2Fwp%2Fv2%2Fmedia&parent=262"}],"curies":[{"name":"wp","href":"https:\/\/api.w.org\/{rel}","templated":true}]}}